{"id":204,"date":"2020-01-09T06:43:03","date_gmt":"2020-01-09T06:43:03","guid":{"rendered":"https:\/\/luminaconsultoria.net\/inicio\/blog-2\/"},"modified":"2021-02-14T19:02:09","modified_gmt":"2021-02-14T19:02:09","slug":"ideias","status":"publish","type":"page","link":"https:\/\/luminaconsultoria.net\/inicio\/ideias\/","title":{"rendered":"Ideias"},"content":{"rendered":"\t\t<div data-elementor-type=\"wp-page\" data-elementor-id=\"204\" class=\"elementor elementor-204\">\n\t\t\t\t\t\t<section class=\"elementor-section elementor-top-section elementor-element elementor-element-ab29099 elementor-section-content-middle elementor-section-boxed elementor-section-height-default elementor-section-height-default\" data-id=\"ab29099\" data-element_type=\"section\">\n\t\t\t\t\t\t<div class=\"elementor-container elementor-column-gap-no\">\n\t\t\t\t\t<div class=\"elementor-column elementor-col-100 elementor-top-column elementor-element elementor-element-4f0aff7\" data-id=\"4f0aff7\" data-element_type=\"column\">\n\t\t\t<div class=\"elementor-widget-wrap\">\n\t\t\t\t\t\t\t<\/div>\n\t\t<\/div>\n\t\t\t\t\t<\/div>\n\t\t<\/section>\n\t\t\t\t<\/div>\n\t\t","protected":false},"excerpt":{"rendered":"<p>IDEIAS ESPA\u00c7O PARA COMPARTILHAR IDEIAS, NOT\u00cdCIAS E INFORMA\u00c7\u00d5ES EM GERAL Por que Planejar? Leia mais Food Safety Leia mais 6 passos para abrir seu novo neg\u00f3cio Leia mais<\/p>\n","protected":false},"author":1,"featured_media":0,"parent":0,"menu_order":0,"comment_status":"closed","ping_status":"closed","template":"templates\/page-builder-content.php","meta":[],"yoast_head":"<!-- This site is optimized with the Yoast SEO plugin v20.6 - https:\/\/yoast.com\/wordpress\/plugins\/seo\/ -->\n<title>Ideias - LUMINA<\/title>\n<meta name=\"robots\" content=\"index, follow, max-snippet:-1, max-image-preview:large, max-video-preview:-1\" \/>\n<link rel=\"canonical\" href=\"https:\/\/luminaconsultoria.net\/inicio\/ideias\/\" \/>\n<meta property=\"og:locale\" content=\"pt_BR\" \/>\n<meta property=\"og:type\" content=\"article\" \/>\n<meta property=\"og:title\" content=\"Ideias - LUMINA\" \/>\n<meta property=\"og:description\" content=\"IDEIAS ESPA\u00c7O PARA COMPARTILHAR IDEIAS, NOT\u00cdCIAS E INFORMA\u00c7\u00d5ES EM GERAL Por que Planejar? Leia mais Food Safety Leia mais 6 passos para abrir seu novo neg\u00f3cio Leia mais\" \/>\n<meta property=\"og:url\" content=\"https:\/\/luminaconsultoria.net\/inicio\/ideias\/\" \/>\n<meta property=\"og:site_name\" content=\"LUMINA\" \/>\n<meta property=\"article:publisher\" content=\"https:\/\/www.facebook.com\/luminafb\/\" \/>\n<meta property=\"article:modified_time\" content=\"2021-02-14T19:02:09+00:00\" \/>\n<meta name=\"twitter:card\" content=\"summary_large_image\" \/>\n<script type=\"application\/ld+json\" class=\"yoast-schema-graph\">{\"@context\":\"https:\/\/schema.org\",\"@graph\":[{\"@type\":\"WebPage\",\"@id\":\"https:\/\/luminaconsultoria.net\/inicio\/ideias\/\",\"url\":\"https:\/\/luminaconsultoria.net\/inicio\/ideias\/\",\"name\":\"Ideias - LUMINA\",\"isPartOf\":{\"@id\":\"https:\/\/luminaconsultoria.net\/inicio\/#website\"},\"datePublished\":\"2020-01-09T06:43:03+00:00\",\"dateModified\":\"2021-02-14T19:02:09+00:00\",\"breadcrumb\":{\"@id\":\"https:\/\/luminaconsultoria.net\/inicio\/ideias\/#breadcrumb\"},\"inLanguage\":\"pt-BR\",\"potentialAction\":[{\"@type\":\"ReadAction\",\"target\":[\"https:\/\/luminaconsultoria.net\/inicio\/ideias\/\"]}]},{\"@type\":\"BreadcrumbList\",\"@id\":\"https:\/\/luminaconsultoria.net\/inicio\/ideias\/#breadcrumb\",\"itemListElement\":[{\"@type\":\"ListItem\",\"position\":1,\"name\":\"In\u00edcio\",\"item\":\"https:\/\/luminaconsultoria.net\/inicio\/\"},{\"@type\":\"ListItem\",\"position\":2,\"name\":\"Ideias\"}]},{\"@type\":\"WebSite\",\"@id\":\"https:\/\/luminaconsultoria.net\/inicio\/#website\",\"url\":\"https:\/\/luminaconsultoria.net\/inicio\/\",\"name\":\"LUMINA\",\"description\":\"Consultoria e Treinamento em Gest&atilde;o\",\"publisher\":{\"@id\":\"https:\/\/luminaconsultoria.net\/inicio\/#organization\"},\"potentialAction\":[{\"@type\":\"SearchAction\",\"target\":{\"@type\":\"EntryPoint\",\"urlTemplate\":\"https:\/\/luminaconsultoria.net\/inicio\/?s={search_term_string}\"},\"query-input\":\"required name=search_term_string\"}],\"inLanguage\":\"pt-BR\"},{\"@type\":\"Organization\",\"@id\":\"https:\/\/luminaconsultoria.net\/inicio\/#organization\",\"name\":\"LUMINA - Consultoria e Treinamento em Gest\u00e3o\",\"url\":\"https:\/\/luminaconsultoria.net\/inicio\/\",\"logo\":{\"@type\":\"ImageObject\",\"inLanguage\":\"pt-BR\",\"@id\":\"https:\/\/luminaconsultoria.net\/inicio\/#\/schema\/logo\/image\/\",\"url\":\"https:\/\/luminaconsultoria.net\/inicio\/wp-content\/uploads\/2021\/02\/Logo-Lumina_branca250-1.png\",\"contentUrl\":\"https:\/\/luminaconsultoria.net\/inicio\/wp-content\/uploads\/2021\/02\/Logo-Lumina_branca250-1.png\",\"width\":250,\"height\":69,\"caption\":\"LUMINA - Consultoria e Treinamento em Gest\u00e3o\"},\"image\":{\"@id\":\"https:\/\/luminaconsultoria.net\/inicio\/#\/schema\/logo\/image\/\"},\"sameAs\":[\"https:\/\/www.facebook.com\/luminafb\/\",\"https:\/\/www.instagram.com\/lumina_consultoria\/\"]}]}<\/script>\n<!-- \/ Yoast SEO plugin. -->","yoast_head_json":{"title":"Ideias - LUMINA","robots":{"index":"index","follow":"follow","max-snippet":"max-snippet:-1","max-image-preview":"max-image-preview:large","max-video-preview":"max-video-preview:-1"},"canonical":"https:\/\/luminaconsultoria.net\/inicio\/ideias\/","og_locale":"pt_BR","og_type":"article","og_title":"Ideias - LUMINA","og_description":"IDEIAS ESPA\u00c7O PARA COMPARTILHAR IDEIAS, NOT\u00cdCIAS E INFORMA\u00c7\u00d5ES EM GERAL Por que Planejar? Leia mais Food Safety Leia mais 6 passos para abrir seu novo neg\u00f3cio Leia mais","og_url":"https:\/\/luminaconsultoria.net\/inicio\/ideias\/","og_site_name":"LUMINA","article_publisher":"https:\/\/www.facebook.com\/luminafb\/","article_modified_time":"2021-02-14T19:02:09+00:00","twitter_card":"summary_large_image","schema":{"@context":"https:\/\/schema.org","@graph":[{"@type":"WebPage","@id":"https:\/\/luminaconsultoria.net\/inicio\/ideias\/","url":"https:\/\/luminaconsultoria.net\/inicio\/ideias\/","name":"Ideias - LUMINA","isPartOf":{"@id":"https:\/\/luminaconsultoria.net\/inicio\/#website"},"datePublished":"2020-01-09T06:43:03+00:00","dateModified":"2021-02-14T19:02:09+00:00","breadcrumb":{"@id":"https:\/\/luminaconsultoria.net\/inicio\/ideias\/#breadcrumb"},"inLanguage":"pt-BR","potentialAction":[{"@type":"ReadAction","target":["https:\/\/luminaconsultoria.net\/inicio\/ideias\/"]}]},{"@type":"BreadcrumbList","@id":"https:\/\/luminaconsultoria.net\/inicio\/ideias\/#breadcrumb","itemListElement":[{"@type":"ListItem","position":1,"name":"In\u00edcio","item":"https:\/\/luminaconsultoria.net\/inicio\/"},{"@type":"ListItem","position":2,"name":"Ideias"}]},{"@type":"WebSite","@id":"https:\/\/luminaconsultoria.net\/inicio\/#website","url":"https:\/\/luminaconsultoria.net\/inicio\/","name":"LUMINA","description":"Consultoria e Treinamento em Gest&atilde;o","publisher":{"@id":"https:\/\/luminaconsultoria.net\/inicio\/#organization"},"potentialAction":[{"@type":"SearchAction","target":{"@type":"EntryPoint","urlTemplate":"https:\/\/luminaconsultoria.net\/inicio\/?s={search_term_string}"},"query-input":"required name=search_term_string"}],"inLanguage":"pt-BR"},{"@type":"Organization","@id":"https:\/\/luminaconsultoria.net\/inicio\/#organization","name":"LUMINA - Consultoria e Treinamento em Gest\u00e3o","url":"https:\/\/luminaconsultoria.net\/inicio\/","logo":{"@type":"ImageObject","inLanguage":"pt-BR","@id":"https:\/\/luminaconsultoria.net\/inicio\/#\/schema\/logo\/image\/","url":"https:\/\/luminaconsultoria.net\/inicio\/wp-content\/uploads\/2021\/02\/Logo-Lumina_branca250-1.png","contentUrl":"https:\/\/luminaconsultoria.net\/inicio\/wp-content\/uploads\/2021\/02\/Logo-Lumina_branca250-1.png","width":250,"height":69,"caption":"LUMINA - Consultoria e Treinamento em Gest\u00e3o"},"image":{"@id":"https:\/\/luminaconsultoria.net\/inicio\/#\/schema\/logo\/image\/"},"sameAs":["https:\/\/www.facebook.com\/luminafb\/","https:\/\/www.instagram.com\/lumina_consultoria\/"]}]}},"_links":{"self":[{"href":"https:\/\/luminaconsultoria.net\/inicio\/wp-json\/wp\/v2\/pages\/204"}],"collection":[{"href":"https:\/\/luminaconsultoria.net\/inicio\/wp-json\/wp\/v2\/pages"}],"about":[{"href":"https:\/\/luminaconsultoria.net\/inicio\/wp-json\/wp\/v2\/types\/page"}],"author":[{"embeddable":true,"href":"https:\/\/luminaconsultoria.net\/inicio\/wp-json\/wp\/v2\/users\/1"}],"replies":[{"embeddable":true,"href":"https:\/\/luminaconsultoria.net\/inicio\/wp-json\/wp\/v2\/comments?post=204"}],"version-history":[{"count":36,"href":"https:\/\/luminaconsultoria.net\/inicio\/wp-json\/wp\/v2\/pages\/204\/revisions"}],"predecessor-version":[{"id":1581,"href":"https:\/\/luminaconsultoria.net\/inicio\/wp-json\/wp\/v2\/pages\/204\/revisions\/1581"}],"wp:attachment":[{"href":"https:\/\/luminaconsultoria.net\/inicio\/wp-json\/wp\/v2\/media?parent=204"}],"curies":[{"name":"wp","href":"https:\/\/api.w.org\/{rel}","templated":true}]}}