{"id":938,"date":"2021-02-06T21:14:59","date_gmt":"2021-02-06T21:14:59","guid":{"rendered":"https:\/\/luminaconsultoria.net\/inicio\/?page_id=938"},"modified":"2021-02-17T15:59:56","modified_gmt":"2021-02-17T15:59:56","slug":"inicio","status":"publish","type":"page","link":"https:\/\/luminaconsultoria.net\/inicio\/","title":{"rendered":"In\u00edcio"},"content":{"rendered":"\t\t<div data-elementor-type=\"wp-page\" data-elementor-id=\"938\" class=\"elementor elementor-938\">\n\t\t\t\t\t\t<section class=\"elementor-section elementor-top-section elementor-element elementor-element-f2029fe elementor-section-height-full elementor-section-boxed elementor-section-height-default elementor-section-items-middle\" data-id=\"f2029fe\" data-element_type=\"section\" data-settings=\"{&quot;background_background&quot;:&quot;classic&quot;}\">\n\t\t\t\t\t\t\t<div class=\"elementor-background-overlay\"><\/div>\n\t\t\t\t\t\t\t<div class=\"elementor-container elementor-column-gap-no\">\n\t\t\t\t\t<div class=\"elementor-column elementor-col-50 elementor-top-column elementor-element elementor-element-4c054cf\" data-id=\"4c054cf\" data-element_type=\"column\">\n\t\t\t<div class=\"elementor-widget-wrap\">\n\t\t\t\t\t\t\t<\/div>\n\t\t<\/div>\n\t\t\t\t<div class=\"elementor-column elementor-col-50 elementor-top-column elementor-element elementor-element-4cfa4c7 elementor-hidden-phone\" data-id=\"4cfa4c7\" data-element_type=\"column\">\n\t\t\t<div class=\"elementor-widget-wrap\">\n\t\t\t\t\t\t\t<\/div>\n\t\t<\/div>\n\t\t\t\t\t<\/div>\n\t\t<\/section>\n\t\t\t\t<section class=\"elementor-section elementor-top-section elementor-element elementor-element-b3e3d62 elementor-section-boxed elementor-section-height-default elementor-section-height-default\" data-id=\"b3e3d62\" data-element_type=\"section\" data-settings=\"{&quot;background_background&quot;:&quot;classic&quot;}\">\n\t\t\t\t\t\t\t<div class=\"elementor-background-overlay\"><\/div>\n\t\t\t\t\t\t\t<div class=\"elementor-container elementor-column-gap-no\">\n\t\t\t\t\t<div class=\"elementor-column elementor-col-100 elementor-top-column elementor-element elementor-element-aafc750\" data-id=\"aafc750\" data-element_type=\"column\">\n\t\t\t<div class=\"elementor-widget-wrap elementor-element-populated\">\n\t\t\t\t\t\t<section class=\"elementor-section elementor-inner-section elementor-element elementor-element-9d67238 elementor-section-boxed elementor-section-height-default elementor-section-height-default\" data-id=\"9d67238\" data-element_type=\"section\" data-settings=\"{&quot;background_background&quot;:&quot;classic&quot;}\">\n\t\t\t\t\t\t\t<div class=\"elementor-background-overlay\"><\/div>\n\t\t\t\t\t\t\t<div class=\"elementor-container elementor-column-gap-no\">\n\t\t\t\t\t<div class=\"elementor-column elementor-col-33 elementor-inner-column elementor-element elementor-element-332dc20\" data-id=\"332dc20\" data-element_type=\"column\" data-settings=\"{&quot;background_background&quot;:&quot;classic&quot;}\">\n\t\t\t<div class=\"elementor-widget-wrap\">\n\t\t\t\t\t\t\t<\/div>\n\t\t<\/div>\n\t\t\t\t<div class=\"elementor-column elementor-col-33 elementor-inner-column elementor-element elementor-element-92de2c0\" data-id=\"92de2c0\" data-element_type=\"column\" data-settings=\"{&quot;background_background&quot;:&quot;classic&quot;}\">\n\t\t\t<div class=\"elementor-widget-wrap\">\n\t\t\t\t\t\t\t<\/div>\n\t\t<\/div>\n\t\t\t\t<div class=\"elementor-column elementor-col-33 elementor-inner-column elementor-element elementor-element-bee3b8e\" data-id=\"bee3b8e\" data-element_type=\"column\" data-settings=\"{&quot;background_background&quot;:&quot;classic&quot;}\">\n\t\t\t<div class=\"elementor-widget-wrap\">\n\t\t\t\t\t\t\t<\/div>\n\t\t<\/div>\n\t\t\t\t\t<\/div>\n\t\t<\/section>\n\t\t\t\t<section class=\"elementor-section elementor-inner-section elementor-element elementor-element-e00009b elementor-section-boxed elementor-section-height-default elementor-section-height-default\" data-id=\"e00009b\" data-element_type=\"section\" data-settings=\"{&quot;background_background&quot;:&quot;classic&quot;}\">\n\t\t\t\t\t\t\t<div class=\"elementor-background-overlay\"><\/div>\n\t\t\t\t\t\t\t<div class=\"elementor-container elementor-column-gap-no\">\n\t\t\t\t\t<div class=\"elementor-column elementor-col-33 elementor-inner-column elementor-element elementor-element-56a08f1\" data-id=\"56a08f1\" data-element_type=\"column\" data-settings=\"{&quot;background_background&quot;:&quot;classic&quot;}\">\n\t\t\t<div class=\"elementor-widget-wrap\">\n\t\t\t\t\t\t\t<\/div>\n\t\t<\/div>\n\t\t\t\t<div class=\"elementor-column elementor-col-33 elementor-inner-column elementor-element elementor-element-05aef42\" data-id=\"05aef42\" data-element_type=\"column\" data-settings=\"{&quot;background_background&quot;:&quot;classic&quot;}\">\n\t\t\t<div class=\"elementor-widget-wrap\">\n\t\t\t\t\t\t\t<\/div>\n\t\t<\/div>\n\t\t\t\t<div class=\"elementor-column elementor-col-33 elementor-inner-column elementor-element elementor-element-d490811\" data-id=\"d490811\" data-element_type=\"column\" data-settings=\"{&quot;background_background&quot;:&quot;classic&quot;}\">\n\t\t\t<div class=\"elementor-widget-wrap\">\n\t\t\t\t\t\t\t<\/div>\n\t\t<\/div>\n\t\t\t\t\t<\/div>\n\t\t<\/section>\n\t\t\t\t\t<\/div>\n\t\t<\/div>\n\t\t\t\t\t<\/div>\n\t\t<\/section>\n\t\t\t\t<section class=\"elementor-section elementor-top-section elementor-element elementor-element-797af31 elementor-reverse-mobile elementor-section-boxed elementor-section-height-default elementor-section-height-default\" data-id=\"797af31\" data-element_type=\"section\" data-settings=\"{&quot;background_background&quot;:&quot;classic&quot;}\">\n\t\t\t\t\t\t\t<div class=\"elementor-background-overlay\"><\/div>\n\t\t\t\t\t\t\t<div class=\"elementor-container elementor-column-gap-no\">\n\t\t\t\t\t<div class=\"elementor-column elementor-col-50 elementor-top-column elementor-element elementor-element-47d61d2\" data-id=\"47d61d2\" data-element_type=\"column\">\n\t\t\t<div class=\"elementor-widget-wrap\">\n\t\t\t\t\t\t\t<\/div>\n\t\t<\/div>\n\t\t\t\t<div class=\"elementor-column elementor-col-50 elementor-top-column elementor-element elementor-element-c3e7852\" data-id=\"c3e7852\" data-element_type=\"column\">\n\t\t\t<div class=\"elementor-widget-wrap elementor-element-populated\">\n\t\t\t\t\t\t<div class=\"elementor-element elementor-element-47978c6 elementor-widget elementor-widget-text-editor\" data-id=\"47978c6\" data-element_type=\"widget\" data-widget_type=\"text-editor.default\">\n\t\t\t\t<div class=\"elementor-widget-container\">\n\t\t\t\t\t\t\t<p><strong>Lumina Consultoria<\/strong> e Treinamento em Gest\u00e3o \u00e9 uma empresa nova, mas que j\u00e1 nasceu com a experi\u00eancia de mais de 25 anos do seu CEO, que atualmente \u00e9 tamb\u00e9m o principal consultor.<\/p><p>Planejamento Estrat\u00e9gico, Sistemas de Gest\u00e3o da Qualidade, Mapeamento e Gest\u00e3o de Processos, Medi\u00e7\u00e3o e Avalia\u00e7\u00e3o do Desempenho por Indicadores s\u00e3o assuntos importantes para qualquer organiza\u00e7\u00e3o.<\/p><p>O apoio que a sua organiza\u00e7\u00e3o precisa para conhecer, entender e beneficiar-se dos resultados dessas e de outras ferramentas de gest\u00e3o voc\u00ea encontra aqui.<\/p>\t\t\t\t\t\t<\/div>\n\t\t\t\t<\/div>\n\t\t\t\t\t<\/div>\n\t\t<\/div>\n\t\t\t\t\t<\/div>\n\t\t<\/section>\n\t\t\t\t<section class=\"elementor-section elementor-top-section elementor-element elementor-element-521f101 elementor-section-boxed elementor-section-height-default elementor-section-height-default\" data-id=\"521f101\" data-element_type=\"section\" data-settings=\"{&quot;background_background&quot;:&quot;gradient&quot;}\">\n\t\t\t\t\t\t<div class=\"elementor-container elementor-column-gap-no\">\n\t\t\t\t\t<div class=\"elementor-column elementor-col-33 elementor-top-column elementor-element elementor-element-5794d1c\" data-id=\"5794d1c\" data-element_type=\"column\">\n\t\t\t<div class=\"elementor-widget-wrap\">\n\t\t\t\t\t\t\t<\/div>\n\t\t<\/div>\n\t\t\t\t<div class=\"elementor-column elementor-col-33 elementor-top-column elementor-element elementor-element-7637a1f\" data-id=\"7637a1f\" data-element_type=\"column\" data-settings=\"{&quot;background_background&quot;:&quot;classic&quot;}\">\n\t\t\t<div class=\"elementor-widget-wrap\">\n\t\t\t\t\t\t\t<\/div>\n\t\t<\/div>\n\t\t\t\t<div class=\"elementor-column elementor-col-33 elementor-top-column elementor-element elementor-element-01d9d5a\" data-id=\"01d9d5a\" data-element_type=\"column\" data-settings=\"{&quot;background_background&quot;:&quot;classic&quot;}\">\n\t\t\t<div class=\"elementor-widget-wrap\">\n\t\t\t\t\t\t\t<\/div>\n\t\t<\/div>\n\t\t\t\t\t<\/div>\n\t\t<\/section>\n\t\t\t\t<section class=\"elementor-section elementor-top-section elementor-element elementor-element-83e586d elementor-section-boxed elementor-section-height-default elementor-section-height-default\" data-id=\"83e586d\" data-element_type=\"section\">\n\t\t\t\t\t\t<div class=\"elementor-container elementor-column-gap-no\">\n\t\t\t\t\t<div class=\"elementor-column elementor-col-100 elementor-top-column elementor-element elementor-element-6e9270f\" data-id=\"6e9270f\" data-element_type=\"column\">\n\t\t\t<div class=\"elementor-widget-wrap elementor-element-populated\">\n\t\t\t\t\t\t<section class=\"elementor-section elementor-inner-section elementor-element elementor-element-32cb4d8 elementor-section-boxed elementor-section-height-default elementor-section-height-default\" data-id=\"32cb4d8\" data-element_type=\"section\">\n\t\t\t\t\t\t<div class=\"elementor-container elementor-column-gap-no\">\n\t\t\t\t\t<div class=\"elementor-column elementor-col-50 elementor-inner-column elementor-element elementor-element-07977dd\" data-id=\"07977dd\" data-element_type=\"column\">\n\t\t\t<div class=\"elementor-widget-wrap\">\n\t\t\t\t\t\t\t<\/div>\n\t\t<\/div>\n\t\t\t\t<div class=\"elementor-column elementor-col-50 elementor-inner-column elementor-element elementor-element-c4d4f4d\" data-id=\"c4d4f4d\" data-element_type=\"column\">\n\t\t\t<div class=\"elementor-widget-wrap\">\n\t\t\t\t\t\t\t<\/div>\n\t\t<\/div>\n\t\t\t\t\t<\/div>\n\t\t<\/section>\n\t\t\t\t\t<\/div>\n\t\t<\/div>\n\t\t\t\t\t<\/div>\n\t\t<\/section>\n\t\t\t\t<\/div>\n\t\t","protected":false},"excerpt":{"rendered":"<p>SOMOS UMA EMPRESA DE CONSULTORIA E TREINAMENTO EM GEST\u00c3O Saiba mais O QUE PODEMOS FAZER PELA SUA EMPRESA? Sistemas de Gest\u00e3o Planejamento Estrat\u00e9gico Avalia\u00e7\u00e3o do Desempenho Organizacional Gest\u00e3o da Seguran\u00e7a de Alimentos Certifica\u00e7\u00e3o ISO 9001 Auditorias Internas Quem Somos Lumina Consultoria e Treinamento em Gest\u00e3o \u00e9 uma empresa nova, mas que j\u00e1 nasceu com a [&hellip;]<\/p>\n","protected":false},"author":1,"featured_media":0,"parent":0,"menu_order":0,"comment_status":"closed","ping_status":"closed","template":"","meta":[],"yoast_head":"<!-- This site is optimized with the Yoast SEO plugin v20.6 - https:\/\/yoast.com\/wordpress\/plugins\/seo\/ -->\n<title>LUMINA Consultoria e Treinamento em Gest\u00e3o - Londrina\/PR<\/title>\n<meta name=\"description\" content=\"Lumina Consultoria e Treinamento em Gest\u00e3o \u00e9 uma empresa nova, mas que j\u00e1 nasceu com a experi\u00eancia de mais de 25 anos do seu CEO.\" \/>\n<meta name=\"robots\" content=\"index, follow, max-snippet:-1, max-image-preview:large, max-video-preview:-1\" \/>\n<link rel=\"canonical\" href=\"https:\/\/luminaconsultoria.net\/inicio\/\" \/>\n<meta property=\"og:locale\" content=\"pt_BR\" \/>\n<meta property=\"og:type\" content=\"article\" \/>\n<meta property=\"og:title\" content=\"LUMINA\" \/>\n<meta property=\"og:description\" content=\"Lumina Consultoria e Treinamento em Gest\u00e3o \u00e9 uma empresa nova, mas que j\u00e1 nasceu com a experi\u00eancia de mais de 25 anos do seu CEO, que atualmente \u00e9 tamb\u00e9m o principal consultor.\" \/>\n<meta property=\"og:url\" content=\"https:\/\/luminaconsultoria.net\/inicio\/\" \/>\n<meta property=\"og:site_name\" content=\"LUMINA\" \/>\n<meta property=\"article:publisher\" content=\"https:\/\/www.facebook.com\/luminafb\/\" \/>\n<meta property=\"article:modified_time\" content=\"2021-02-17T15:59:56+00:00\" \/>\n<meta property=\"og:image\" content=\"https:\/\/luminaconsultoria.net\/inicio\/wp-content\/uploads\/2021\/02\/Logo-Lumina_branca250_B-e1613577531272.png\" \/>\n\t<meta property=\"og:image:width\" content=\"199\" \/>\n\t<meta property=\"og:image:height\" content=\"55\" \/>\n\t<meta property=\"og:image:type\" content=\"image\/png\" \/>\n<meta name=\"twitter:card\" content=\"summary_large_image\" \/>\n<meta name=\"twitter:label1\" content=\"Est. tempo de leitura\" \/>\n\t<meta name=\"twitter:data1\" content=\"4 minutos\" \/>\n<script type=\"application\/ld+json\" class=\"yoast-schema-graph\">{\"@context\":\"https:\/\/schema.org\",\"@graph\":[{\"@type\":\"WebPage\",\"@id\":\"https:\/\/luminaconsultoria.net\/inicio\/\",\"url\":\"https:\/\/luminaconsultoria.net\/inicio\/\",\"name\":\"LUMINA Consultoria e Treinamento em Gest\u00e3o - Londrina\/PR\",\"isPartOf\":{\"@id\":\"https:\/\/luminaconsultoria.net\/inicio\/#website\"},\"datePublished\":\"2021-02-06T21:14:59+00:00\",\"dateModified\":\"2021-02-17T15:59:56+00:00\",\"description\":\"Lumina Consultoria e Treinamento em Gest\u00e3o \u00e9 uma empresa nova, mas que j\u00e1 nasceu com a experi\u00eancia de mais de 25 anos do seu CEO.\",\"breadcrumb\":{\"@id\":\"https:\/\/luminaconsultoria.net\/inicio\/#breadcrumb\"},\"inLanguage\":\"pt-BR\",\"potentialAction\":[{\"@type\":\"ReadAction\",\"target\":[\"https:\/\/luminaconsultoria.net\/inicio\/\"]}]},{\"@type\":\"BreadcrumbList\",\"@id\":\"https:\/\/luminaconsultoria.net\/inicio\/#breadcrumb\",\"itemListElement\":[{\"@type\":\"ListItem\",\"position\":1,\"name\":\"In\u00edcio\",\"item\":\"https:\/\/luminaconsultoria.net\/inicio\/\"},{\"@type\":\"ListItem\",\"position\":2,\"name\":\"In\u00edcio\"}]},{\"@type\":\"WebSite\",\"@id\":\"https:\/\/luminaconsultoria.net\/inicio\/#website\",\"url\":\"https:\/\/luminaconsultoria.net\/inicio\/\",\"name\":\"LUMINA\",\"description\":\"Consultoria e Treinamento em Gest&atilde;o\",\"publisher\":{\"@id\":\"https:\/\/luminaconsultoria.net\/inicio\/#organization\"},\"potentialAction\":[{\"@type\":\"SearchAction\",\"target\":{\"@type\":\"EntryPoint\",\"urlTemplate\":\"https:\/\/luminaconsultoria.net\/inicio\/?s={search_term_string}\"},\"query-input\":\"required name=search_term_string\"}],\"inLanguage\":\"pt-BR\"},{\"@type\":\"Organization\",\"@id\":\"https:\/\/luminaconsultoria.net\/inicio\/#organization\",\"name\":\"LUMINA - Consultoria e Treinamento em Gest\u00e3o\",\"url\":\"https:\/\/luminaconsultoria.net\/inicio\/\",\"logo\":{\"@type\":\"ImageObject\",\"inLanguage\":\"pt-BR\",\"@id\":\"https:\/\/luminaconsultoria.net\/inicio\/#\/schema\/logo\/image\/\",\"url\":\"https:\/\/luminaconsultoria.net\/inicio\/wp-content\/uploads\/2021\/02\/Logo-Lumina_branca250-1.png\",\"contentUrl\":\"https:\/\/luminaconsultoria.net\/inicio\/wp-content\/uploads\/2021\/02\/Logo-Lumina_branca250-1.png\",\"width\":250,\"height\":69,\"caption\":\"LUMINA - Consultoria e Treinamento em Gest\u00e3o\"},\"image\":{\"@id\":\"https:\/\/luminaconsultoria.net\/inicio\/#\/schema\/logo\/image\/\"},\"sameAs\":[\"https:\/\/www.facebook.com\/luminafb\/\",\"https:\/\/www.instagram.com\/lumina_consultoria\/\"]}]}<\/script>\n<!-- \/ Yoast SEO plugin. -->","yoast_head_json":{"title":"LUMINA Consultoria e Treinamento em Gest\u00e3o - Londrina\/PR","description":"Lumina Consultoria e Treinamento em Gest\u00e3o \u00e9 uma empresa nova, mas que j\u00e1 nasceu com a experi\u00eancia de mais de 25 anos do seu CEO.","robots":{"index":"index","follow":"follow","max-snippet":"max-snippet:-1","max-image-preview":"max-image-preview:large","max-video-preview":"max-video-preview:-1"},"canonical":"https:\/\/luminaconsultoria.net\/inicio\/","og_locale":"pt_BR","og_type":"article","og_title":"LUMINA","og_description":"Lumina Consultoria e Treinamento em Gest\u00e3o \u00e9 uma empresa nova, mas que j\u00e1 nasceu com a experi\u00eancia de mais de 25 anos do seu CEO, que atualmente \u00e9 tamb\u00e9m o principal consultor.","og_url":"https:\/\/luminaconsultoria.net\/inicio\/","og_site_name":"LUMINA","article_publisher":"https:\/\/www.facebook.com\/luminafb\/","article_modified_time":"2021-02-17T15:59:56+00:00","og_image":[{"width":199,"height":55,"url":"https:\/\/luminaconsultoria.net\/inicio\/wp-content\/uploads\/2021\/02\/Logo-Lumina_branca250_B-e1613577531272.png","type":"image\/png"}],"twitter_card":"summary_large_image","twitter_misc":{"Est. tempo de leitura":"4 minutos"},"schema":{"@context":"https:\/\/schema.org","@graph":[{"@type":"WebPage","@id":"https:\/\/luminaconsultoria.net\/inicio\/","url":"https:\/\/luminaconsultoria.net\/inicio\/","name":"LUMINA Consultoria e Treinamento em Gest\u00e3o - Londrina\/PR","isPartOf":{"@id":"https:\/\/luminaconsultoria.net\/inicio\/#website"},"datePublished":"2021-02-06T21:14:59+00:00","dateModified":"2021-02-17T15:59:56+00:00","description":"Lumina Consultoria e Treinamento em Gest\u00e3o \u00e9 uma empresa nova, mas que j\u00e1 nasceu com a experi\u00eancia de mais de 25 anos do seu CEO.","breadcrumb":{"@id":"https:\/\/luminaconsultoria.net\/inicio\/#breadcrumb"},"inLanguage":"pt-BR","potentialAction":[{"@type":"ReadAction","target":["https:\/\/luminaconsultoria.net\/inicio\/"]}]},{"@type":"BreadcrumbList","@id":"https:\/\/luminaconsultoria.net\/inicio\/#breadcrumb","itemListElement":[{"@type":"ListItem","position":1,"name":"In\u00edcio","item":"https:\/\/luminaconsultoria.net\/inicio\/"},{"@type":"ListItem","position":2,"name":"In\u00edcio"}]},{"@type":"WebSite","@id":"https:\/\/luminaconsultoria.net\/inicio\/#website","url":"https:\/\/luminaconsultoria.net\/inicio\/","name":"LUMINA","description":"Consultoria e Treinamento em Gest&atilde;o","publisher":{"@id":"https:\/\/luminaconsultoria.net\/inicio\/#organization"},"potentialAction":[{"@type":"SearchAction","target":{"@type":"EntryPoint","urlTemplate":"https:\/\/luminaconsultoria.net\/inicio\/?s={search_term_string}"},"query-input":"required name=search_term_string"}],"inLanguage":"pt-BR"},{"@type":"Organization","@id":"https:\/\/luminaconsultoria.net\/inicio\/#organization","name":"LUMINA - Consultoria e Treinamento em Gest\u00e3o","url":"https:\/\/luminaconsultoria.net\/inicio\/","logo":{"@type":"ImageObject","inLanguage":"pt-BR","@id":"https:\/\/luminaconsultoria.net\/inicio\/#\/schema\/logo\/image\/","url":"https:\/\/luminaconsultoria.net\/inicio\/wp-content\/uploads\/2021\/02\/Logo-Lumina_branca250-1.png","contentUrl":"https:\/\/luminaconsultoria.net\/inicio\/wp-content\/uploads\/2021\/02\/Logo-Lumina_branca250-1.png","width":250,"height":69,"caption":"LUMINA - Consultoria e Treinamento em Gest\u00e3o"},"image":{"@id":"https:\/\/luminaconsultoria.net\/inicio\/#\/schema\/logo\/image\/"},"sameAs":["https:\/\/www.facebook.com\/luminafb\/","https:\/\/www.instagram.com\/lumina_consultoria\/"]}]}},"_links":{"self":[{"href":"https:\/\/luminaconsultoria.net\/inicio\/wp-json\/wp\/v2\/pages\/938"}],"collection":[{"href":"https:\/\/luminaconsultoria.net\/inicio\/wp-json\/wp\/v2\/pages"}],"about":[{"href":"https:\/\/luminaconsultoria.net\/inicio\/wp-json\/wp\/v2\/types\/page"}],"author":[{"embeddable":true,"href":"https:\/\/luminaconsultoria.net\/inicio\/wp-json\/wp\/v2\/users\/1"}],"replies":[{"embeddable":true,"href":"https:\/\/luminaconsultoria.net\/inicio\/wp-json\/wp\/v2\/comments?post=938"}],"version-history":[{"count":145,"href":"https:\/\/luminaconsultoria.net\/inicio\/wp-json\/wp\/v2\/pages\/938\/revisions"}],"predecessor-version":[{"id":1604,"href":"https:\/\/luminaconsultoria.net\/inicio\/wp-json\/wp\/v2\/pages\/938\/revisions\/1604"}],"wp:attachment":[{"href":"https:\/\/luminaconsultoria.net\/inicio\/wp-json\/wp\/v2\/media?parent=938"}],"curies":[{"name":"wp","href":"https:\/\/api.w.org\/{rel}","templated":true}]}}